{"id":25,"date":"2021-01-25T08:26:44","date_gmt":"2021-01-25T07:26:44","guid":{"rendered":"https:\/\/odenwald-living-art.de\/?page_id=25"},"modified":"2023-03-13T14:29:51","modified_gmt":"2023-03-13T13:29:51","slug":"startseite-2","status":"publish","type":"page","link":"https:\/\/odenwald-living-art.de\/","title":{"rendered":"Startseite"},"content":{"rendered":"<div class=\"fl-builder-content fl-builder-content-25 fl-builder-global-templates-locked\" data-post-id=\"25\"><div class=\"fl-row fl-row-full-width fl-row-bg-none fl-node-600e6267619d9\" data-node=\"600e6267619d9\">\n\t<div class=\"fl-row-content-wrap\">\n\t\t\t\t\t\t<div class=\"fl-row-content fl-row-fixed-width fl-node-content\">\n\t\t\n<div class=\"fl-col-group fl-node-600e626765f07\" data-node=\"600e626765f07\">\n\t\t\t<div class=\"fl-col fl-node-600e626766035\" data-node=\"600e626766035\">\n\t<div class=\"fl-col-content fl-node-content\">\n\t<div class=\"fl-module fl-module-content-slider fl-node-600e62676187c\" data-node=\"600e62676187c\">\n\t<div class=\"fl-module-content fl-node-content\">\n\t\t<div class=\"fl-content-slider\">\n\t<div class=\"fl-content-slider-wrapper\">\n\t\t\t\t<div class=\"fl-slide fl-slide-0 fl-slide-text-left\">\n\t\t\t<div class=\"fl-slide-mobile-photo\"><img fetchpriority=\"high\" decoding=\"async\" width=\"2560\" height=\"1920\" loading='false' class=\"fl-slide-mobile-photo-img wp-image-27\" src=\"https:\/\/odenwald-living-art.de\/wp-content\/uploads\/2021\/01\/758A56E6-E637-4D88-9390-A54E0546AB2C-scaled.jpeg\" alt=\"\" srcset=\"https:\/\/odenwald-living-art.de\/wp-content\/uploads\/2021\/01\/758A56E6-E637-4D88-9390-A54E0546AB2C-scaled.jpeg 2560w, https:\/\/odenwald-living-art.de\/wp-content\/uploads\/2021\/01\/758A56E6-E637-4D88-9390-A54E0546AB2C-300x225.jpeg 300w, https:\/\/odenwald-living-art.de\/wp-content\/uploads\/2021\/01\/758A56E6-E637-4D88-9390-A54E0546AB2C-1024x768.jpeg 1024w, https:\/\/odenwald-living-art.de\/wp-content\/uploads\/2021\/01\/758A56E6-E637-4D88-9390-A54E0546AB2C-768x576.jpeg 768w, https:\/\/odenwald-living-art.de\/wp-content\/uploads\/2021\/01\/758A56E6-E637-4D88-9390-A54E0546AB2C-1536x1152.jpeg 1536w, https:\/\/odenwald-living-art.de\/wp-content\/uploads\/2021\/01\/758A56E6-E637-4D88-9390-A54E0546AB2C-2048x1536.jpeg 2048w\" sizes=\"(max-width: 2560px) 100vw, 2560px\" \/><\/div><div class=\"fl-slide-bg-photo\"><\/div>\t\t\t<div class=\"fl-slide-foreground clearfix\">\n\t\t\t\t\t\t\t<\/div>\n\t\t<\/div>\n\t\t\t<div class=\"fl-slide fl-slide-1 fl-slide-text-left\">\n\t\t\t<div class=\"fl-slide-mobile-photo\"><img decoding=\"async\" width=\"2560\" height=\"1218\" loading='false' class=\"fl-slide-mobile-photo-img wp-image-28\" src=\"https:\/\/odenwald-living-art.de\/wp-content\/uploads\/2021\/01\/1437FE23-DDB9-411E-B731-80E342BEFDE6-scaled.jpeg\" alt=\"\" srcset=\"https:\/\/odenwald-living-art.de\/wp-content\/uploads\/2021\/01\/1437FE23-DDB9-411E-B731-80E342BEFDE6-scaled.jpeg 2560w, https:\/\/odenwald-living-art.de\/wp-content\/uploads\/2021\/01\/1437FE23-DDB9-411E-B731-80E342BEFDE6-300x143.jpeg 300w, https:\/\/odenwald-living-art.de\/wp-content\/uploads\/2021\/01\/1437FE23-DDB9-411E-B731-80E342BEFDE6-1024x487.jpeg 1024w, https:\/\/odenwald-living-art.de\/wp-content\/uploads\/2021\/01\/1437FE23-DDB9-411E-B731-80E342BEFDE6-768x365.jpeg 768w, https:\/\/odenwald-living-art.de\/wp-content\/uploads\/2021\/01\/1437FE23-DDB9-411E-B731-80E342BEFDE6-1536x731.jpeg 1536w, https:\/\/odenwald-living-art.de\/wp-content\/uploads\/2021\/01\/1437FE23-DDB9-411E-B731-80E342BEFDE6-2048x974.jpeg 2048w\" sizes=\"(max-width: 2560px) 100vw, 2560px\" \/><\/div><div class=\"fl-slide-bg-photo\"><\/div>\t\t\t<div class=\"fl-slide-foreground clearfix\">\n\t\t\t\t\t\t\t<\/div>\n\t\t<\/div>\n\t\t\t<div class=\"fl-slide fl-slide-2 fl-slide-text-left\">\n\t\t\t<div class=\"fl-slide-mobile-photo\"><img decoding=\"async\" width=\"2560\" height=\"1920\" loading='false' class=\"fl-slide-mobile-photo-img wp-image-30\" src=\"https:\/\/odenwald-living-art.de\/wp-content\/uploads\/2021\/01\/D471274F-6633-40C2-B975-835760F5CC1F-scaled.jpeg\" alt=\"\" srcset=\"https:\/\/odenwald-living-art.de\/wp-content\/uploads\/2021\/01\/D471274F-6633-40C2-B975-835760F5CC1F-scaled.jpeg 2560w, https:\/\/odenwald-living-art.de\/wp-content\/uploads\/2021\/01\/D471274F-6633-40C2-B975-835760F5CC1F-300x225.jpeg 300w, https:\/\/odenwald-living-art.de\/wp-content\/uploads\/2021\/01\/D471274F-6633-40C2-B975-835760F5CC1F-1024x768.jpeg 1024w, https:\/\/odenwald-living-art.de\/wp-content\/uploads\/2021\/01\/D471274F-6633-40C2-B975-835760F5CC1F-768x576.jpeg 768w, https:\/\/odenwald-living-art.de\/wp-content\/uploads\/2021\/01\/D471274F-6633-40C2-B975-835760F5CC1F-1536x1152.jpeg 1536w, https:\/\/odenwald-living-art.de\/wp-content\/uploads\/2021\/01\/D471274F-6633-40C2-B975-835760F5CC1F-2048x1536.jpeg 2048w\" sizes=\"(max-width: 2560px) 100vw, 2560px\" \/><\/div><div class=\"fl-slide-bg-photo\"><\/div>\t\t\t<div class=\"fl-slide-foreground clearfix\">\n\t\t\t\t\t\t\t<\/div>\n\t\t<\/div>\n\t\t\t<div class=\"fl-slide fl-slide-3 fl-slide-text-left\">\n\t\t\t<div class=\"fl-slide-mobile-photo\"><img decoding=\"async\" width=\"2560\" height=\"1920\" loading='false' class=\"fl-slide-mobile-photo-img wp-image-32\" src=\"https:\/\/odenwald-living-art.de\/wp-content\/uploads\/2021\/01\/D7B3C5ED-04BB-42DE-A38F-D6E370134DD6-scaled.jpeg\" alt=\"\" srcset=\"https:\/\/odenwald-living-art.de\/wp-content\/uploads\/2021\/01\/D7B3C5ED-04BB-42DE-A38F-D6E370134DD6-scaled.jpeg 2560w, https:\/\/odenwald-living-art.de\/wp-content\/uploads\/2021\/01\/D7B3C5ED-04BB-42DE-A38F-D6E370134DD6-300x225.jpeg 300w, https:\/\/odenwald-living-art.de\/wp-content\/uploads\/2021\/01\/D7B3C5ED-04BB-42DE-A38F-D6E370134DD6-1024x768.jpeg 1024w, https:\/\/odenwald-living-art.de\/wp-content\/uploads\/2021\/01\/D7B3C5ED-04BB-42DE-A38F-D6E370134DD6-768x576.jpeg 768w, https:\/\/odenwald-living-art.de\/wp-content\/uploads\/2021\/01\/D7B3C5ED-04BB-42DE-A38F-D6E370134DD6-1536x1152.jpeg 1536w, https:\/\/odenwald-living-art.de\/wp-content\/uploads\/2021\/01\/D7B3C5ED-04BB-42DE-A38F-D6E370134DD6-2048x1536.jpeg 2048w\" sizes=\"(max-width: 2560px) 100vw, 2560px\" \/><\/div><div class=\"fl-slide-bg-photo\"><\/div>\t\t\t<div class=\"fl-slide-foreground clearfix\">\n\t\t\t\t\t\t\t<\/div>\n\t\t<\/div>\n\t\t\t<div class=\"fl-slide fl-slide-4 fl-slide-text-left\">\n\t\t\t<div class=\"fl-slide-mobile-photo\"><img decoding=\"async\" width=\"2560\" height=\"1920\" loading='false' class=\"fl-slide-mobile-photo-img wp-image-29\" src=\"https:\/\/odenwald-living-art.de\/wp-content\/uploads\/2021\/01\/0F2E9345-C777-41E8-928A-024616ADE747-scaled.jpeg\" alt=\"\" srcset=\"https:\/\/odenwald-living-art.de\/wp-content\/uploads\/2021\/01\/0F2E9345-C777-41E8-928A-024616ADE747-scaled.jpeg 2560w, https:\/\/odenwald-living-art.de\/wp-content\/uploads\/2021\/01\/0F2E9345-C777-41E8-928A-024616ADE747-300x225.jpeg 300w, https:\/\/odenwald-living-art.de\/wp-content\/uploads\/2021\/01\/0F2E9345-C777-41E8-928A-024616ADE747-1024x768.jpeg 1024w, https:\/\/odenwald-living-art.de\/wp-content\/uploads\/2021\/01\/0F2E9345-C777-41E8-928A-024616ADE747-768x576.jpeg 768w, https:\/\/odenwald-living-art.de\/wp-content\/uploads\/2021\/01\/0F2E9345-C777-41E8-928A-024616ADE747-1536x1152.jpeg 1536w, https:\/\/odenwald-living-art.de\/wp-content\/uploads\/2021\/01\/0F2E9345-C777-41E8-928A-024616ADE747-2048x1536.jpeg 2048w\" sizes=\"(max-width: 2560px) 100vw, 2560px\" \/><\/div><div class=\"fl-slide-bg-photo\"><\/div>\t\t\t<div class=\"fl-slide-foreground clearfix\">\n\t\t\t\t\t\t\t<\/div>\n\t\t<\/div>\n\t\t\t<div class=\"fl-slide fl-slide-5 fl-slide-text-left\">\n\t\t\t<div class=\"fl-slide-mobile-photo\"><img decoding=\"async\" width=\"2560\" height=\"1920\" loading='false' class=\"fl-slide-mobile-photo-img wp-image-34\" src=\"https:\/\/odenwald-living-art.de\/wp-content\/uploads\/2021\/01\/27CFA1B3-D91E-4070-9D0E-0C4061AB7780-scaled.jpeg\" alt=\"\" srcset=\"https:\/\/odenwald-living-art.de\/wp-content\/uploads\/2021\/01\/27CFA1B3-D91E-4070-9D0E-0C4061AB7780-scaled.jpeg 2560w, https:\/\/odenwald-living-art.de\/wp-content\/uploads\/2021\/01\/27CFA1B3-D91E-4070-9D0E-0C4061AB7780-300x225.jpeg 300w, https:\/\/odenwald-living-art.de\/wp-content\/uploads\/2021\/01\/27CFA1B3-D91E-4070-9D0E-0C4061AB7780-1024x768.jpeg 1024w, https:\/\/odenwald-living-art.de\/wp-content\/uploads\/2021\/01\/27CFA1B3-D91E-4070-9D0E-0C4061AB7780-768x576.jpeg 768w, https:\/\/odenwald-living-art.de\/wp-content\/uploads\/2021\/01\/27CFA1B3-D91E-4070-9D0E-0C4061AB7780-1536x1152.jpeg 1536w, https:\/\/odenwald-living-art.de\/wp-content\/uploads\/2021\/01\/27CFA1B3-D91E-4070-9D0E-0C4061AB7780-2048x1536.jpeg 2048w\" sizes=\"(max-width: 2560px) 100vw, 2560px\" \/><\/div><div class=\"fl-slide-bg-photo\"><\/div>\t\t\t<div class=\"fl-slide-foreground clearfix\">\n\t\t\t\t\t\t\t<\/div>\n\t\t<\/div>\n\t\t\t<div class=\"fl-slide fl-slide-6 fl-slide-text-left\">\n\t\t\t<div class=\"fl-slide-mobile-photo\"><img decoding=\"async\" width=\"2560\" height=\"1920\" loading='false' class=\"fl-slide-mobile-photo-img wp-image-46\" src=\"https:\/\/odenwald-living-art.de\/wp-content\/uploads\/2021\/01\/0160A7A7-D453-41B3-A561-F92312EF24D5-scaled.jpeg\" alt=\"\" srcset=\"https:\/\/odenwald-living-art.de\/wp-content\/uploads\/2021\/01\/0160A7A7-D453-41B3-A561-F92312EF24D5-scaled.jpeg 2560w, https:\/\/odenwald-living-art.de\/wp-content\/uploads\/2021\/01\/0160A7A7-D453-41B3-A561-F92312EF24D5-300x225.jpeg 300w, https:\/\/odenwald-living-art.de\/wp-content\/uploads\/2021\/01\/0160A7A7-D453-41B3-A561-F92312EF24D5-1024x768.jpeg 1024w, https:\/\/odenwald-living-art.de\/wp-content\/uploads\/2021\/01\/0160A7A7-D453-41B3-A561-F92312EF24D5-768x576.jpeg 768w, https:\/\/odenwald-living-art.de\/wp-content\/uploads\/2021\/01\/0160A7A7-D453-41B3-A561-F92312EF24D5-1536x1152.jpeg 1536w, https:\/\/odenwald-living-art.de\/wp-content\/uploads\/2021\/01\/0160A7A7-D453-41B3-A561-F92312EF24D5-2048x1536.jpeg 2048w\" sizes=\"(max-width: 2560px) 100vw, 2560px\" \/><\/div><div class=\"fl-slide-bg-photo\"><\/div>\t\t\t<div class=\"fl-slide-foreground clearfix\">\n\t\t\t\t\t\t\t<\/div>\n\t\t<\/div>\n\t\t\t<div class=\"fl-slide fl-slide-7 fl-slide-text-left\">\n\t\t\t<div class=\"fl-slide-mobile-photo\"><img decoding=\"async\" width=\"2560\" height=\"1920\" loading='false' class=\"fl-slide-mobile-photo-img wp-image-59\" src=\"https:\/\/odenwald-living-art.de\/wp-content\/uploads\/2021\/01\/9AD88080-66C0-49C9-8D6D-63D99628342A-scaled.jpeg\" alt=\"\" srcset=\"https:\/\/odenwald-living-art.de\/wp-content\/uploads\/2021\/01\/9AD88080-66C0-49C9-8D6D-63D99628342A-scaled.jpeg 2560w, https:\/\/odenwald-living-art.de\/wp-content\/uploads\/2021\/01\/9AD88080-66C0-49C9-8D6D-63D99628342A-300x225.jpeg 300w, https:\/\/odenwald-living-art.de\/wp-content\/uploads\/2021\/01\/9AD88080-66C0-49C9-8D6D-63D99628342A-1024x768.jpeg 1024w, https:\/\/odenwald-living-art.de\/wp-content\/uploads\/2021\/01\/9AD88080-66C0-49C9-8D6D-63D99628342A-768x576.jpeg 768w, https:\/\/odenwald-living-art.de\/wp-content\/uploads\/2021\/01\/9AD88080-66C0-49C9-8D6D-63D99628342A-1536x1152.jpeg 1536w, https:\/\/odenwald-living-art.de\/wp-content\/uploads\/2021\/01\/9AD88080-66C0-49C9-8D6D-63D99628342A-2048x1536.jpeg 2048w\" sizes=\"(max-width: 2560px) 100vw, 2560px\" \/><\/div><div class=\"fl-slide-bg-photo\"><\/div>\t\t\t<div class=\"fl-slide-foreground clearfix\">\n\t\t\t\t\t\t\t<\/div>\n\t\t<\/div>\n\t\t\t<div class=\"fl-slide fl-slide-8 fl-slide-text-left\">\n\t\t\t<div class=\"fl-slide-mobile-photo\"><img decoding=\"async\" width=\"2560\" height=\"1920\" loading='false' class=\"fl-slide-mobile-photo-img wp-image-192\" src=\"https:\/\/odenwald-living-art.de\/wp-content\/uploads\/2021\/06\/DSC00175-scaled.jpg\" alt=\"\" srcset=\"https:\/\/odenwald-living-art.de\/wp-content\/uploads\/2021\/06\/DSC00175-scaled.jpg 2560w, https:\/\/odenwald-living-art.de\/wp-content\/uploads\/2021\/06\/DSC00175-300x225.jpg 300w, https:\/\/odenwald-living-art.de\/wp-content\/uploads\/2021\/06\/DSC00175-1024x768.jpg 1024w, https:\/\/odenwald-living-art.de\/wp-content\/uploads\/2021\/06\/DSC00175-768x576.jpg 768w, https:\/\/odenwald-living-art.de\/wp-content\/uploads\/2021\/06\/DSC00175-1536x1152.jpg 1536w, https:\/\/odenwald-living-art.de\/wp-content\/uploads\/2021\/06\/DSC00175-2048x1536.jpg 2048w\" sizes=\"(max-width: 2560px) 100vw, 2560px\" \/><\/div><div class=\"fl-slide-bg-photo\"><\/div>\t\t\t<div class=\"fl-slide-foreground clearfix\">\n\t\t\t\t\t\t\t<\/div>\n\t\t<\/div>\n\t\t<\/div>\n\t\t\t\t<div class=\"fl-clear\"><\/div>\n<\/div>\n\t<\/div>\n<\/div>\n\t<\/div>\n<\/div>\n\t<\/div>\n\t\t<\/div>\n\t<\/div>\n<\/div>\n<div class=\"fl-row fl-row-fixed-width fl-row-bg-none fl-node-600e65f1f0677\" data-node=\"600e65f1f0677\">\n\t<div class=\"fl-row-content-wrap\">\n\t\t\t\t\t\t<div class=\"fl-row-content fl-row-fixed-width fl-node-content\">\n\t\t\n<div class=\"fl-col-group fl-node-600e65f203618\" data-node=\"600e65f203618\">\n\t\t\t<div class=\"fl-col fl-node-600e65f2036f6\" data-node=\"600e65f2036f6\">\n\t<div class=\"fl-col-content fl-node-content\">\n\t<div class=\"fl-module fl-module-separator fl-node-600e65f1efe95\" data-node=\"600e65f1efe95\">\n\t<div class=\"fl-module-content fl-node-content\">\n\t\t<div class=\"fl-separator\"><\/div>\n\t<\/div>\n<\/div>\n\t<\/div>\n<\/div>\n\t<\/div>\n\t\t<\/div>\n\t<\/div>\n<\/div>\n<div class=\"fl-row fl-row-fixed-width fl-row-bg-none fl-node-600e661c684c3 fl-animation fl-slide-in-left\" data-node=\"600e661c684c3\" data-animation-delay=\"0\" data-animation-duration=\"1\">\n\t<div class=\"fl-row-content-wrap\">\n\t\t\t\t\t\t<div class=\"fl-row-content fl-row-fixed-width fl-node-content\">\n\t\t\n<div class=\"fl-col-group fl-node-600e661c78868\" data-node=\"600e661c78868\">\n\t\t\t<div class=\"fl-col fl-node-600e661c789c1\" data-node=\"600e661c789c1\">\n\t<div class=\"fl-col-content fl-node-content\">\n\t<div class=\"fl-module fl-module-heading fl-node-600e661c679ed fl-animation fl-fade-in\" data-node=\"600e661c679ed\" data-animation-delay=\"0\" data-animation-duration=\"1\">\n\t<div class=\"fl-module-content fl-node-content\">\n\t\t<h1 class=\"fl-heading\">\n\t\t<span class=\"fl-heading-text\">Odenwald Elektro Living Art<\/span>\n\t<\/h1>\n\t<\/div>\n<\/div>\n<div class=\"fl-module fl-module-heading fl-node-600e667aec53e fl-animation fl-fade-in\" data-node=\"600e667aec53e\" data-animation-delay=\"0\" data-animation-duration=\"1\">\n\t<div class=\"fl-module-content fl-node-content\">\n\t\t<h2 class=\"fl-heading\">\n\t\t<span class=\"fl-heading-text\">f\u00fcr ein sch\u00f6neres Zuhause<\/span>\n\t<\/h2>\n\t<\/div>\n<\/div>\n\t<\/div>\n<\/div>\n\t<\/div>\n\t\t<\/div>\n\t<\/div>\n<\/div>\n<div class=\"fl-row fl-row-fixed-width fl-row-bg-none fl-node-600e67613be40\" data-node=\"600e67613be40\">\n\t<div class=\"fl-row-content-wrap\">\n\t\t\t\t\t\t<div class=\"fl-row-content fl-row-fixed-width fl-node-content\">\n\t\t\n<div class=\"fl-col-group fl-node-600e67614c934\" data-node=\"600e67614c934\">\n\t\t\t<div class=\"fl-col fl-node-600e67614ca42\" data-node=\"600e67614ca42\">\n\t<div class=\"fl-col-content fl-node-content\">\n\t<div class=\"fl-module fl-module-separator fl-node-600e67613b190\" data-node=\"600e67613b190\">\n\t<div class=\"fl-module-content fl-node-content\">\n\t\t<div class=\"fl-separator\"><\/div>\n\t<\/div>\n<\/div>\n\t<\/div>\n<\/div>\n\t<\/div>\n\t\t<\/div>\n\t<\/div>\n<\/div>\n<div class=\"fl-row fl-row-fixed-width fl-row-bg-none fl-node-600e678ecd8d1 fl-animation fl-slide-in-left\" data-node=\"600e678ecd8d1\" data-animation-delay=\"0\" data-animation-duration=\"1\">\n\t<div class=\"fl-row-content-wrap\">\n\t\t\t\t\t\t<div class=\"fl-row-content fl-row-fixed-width fl-node-content\">\n\t\t\n<div class=\"fl-col-group fl-node-600e678ed948c\" data-node=\"600e678ed948c\">\n\t\t\t<div class=\"fl-col fl-node-600e678ed95ae\" data-node=\"600e678ed95ae\">\n\t<div class=\"fl-col-content fl-node-content\">\n\t<div class=\"fl-module fl-module-rich-text fl-node-600e678eccd28\" data-node=\"600e678eccd28\">\n\t<div class=\"fl-module-content fl-node-content\">\n\t\t<div class=\"fl-rich-text\">\n\t<p>Wir freuen uns, dass Sie den Weg auf unsere Webseite gefunden haben!<\/p>\n<p>&nbsp;<\/p>\n<p>Schauen Sie sich in Ruhe um, einen Teil unseres Sortiments stellen wir Ihnen hier vor.<\/p>\n<p>&nbsp;<\/p>\n<p>Sie haben spezielle Fragen, suchen nach dem einem St\u00fcck, dass Ihren Wohntraum perfekt macht?<br \/>\nDann nutzen Sie unser Kontaktformular oder rufen uns an!<br \/>\nUnser motiviertes Team ber\u00e4t Sie gerne und erstellt mit Ihnen auch gerne ein Dekorationskonzept f\u00fcr spezielle Anl\u00e4sse und die ganz besonderen Tage in Ihrem Leben!<\/p>\n<p>Die telefonische Beratung und die Vorstellung auf unserer Homepage reichen Ihnen nicht?<\/p>\n<p>Beachten Sie bitte unsere Aush\u00e4nge zu unserem Hygienekonzept in den Verkaufsr\u00e4umen.<\/p>\n<\/div>\n\t<\/div>\n<\/div>\n\t<\/div>\n<\/div>\n\t<\/div>\n\t\t<\/div>\n\t<\/div>\n<\/div>\n<div class=\"fl-row fl-row-fixed-width fl-row-bg-none fl-node-600e6a82dcc64\" data-node=\"600e6a82dcc64\">\n\t<div class=\"fl-row-content-wrap\">\n\t\t\t\t\t\t<div class=\"fl-row-content fl-row-fixed-width fl-node-content\">\n\t\t\n<div class=\"fl-col-group fl-node-600e6a82e9cbc\" data-node=\"600e6a82e9cbc\">\n\t\t\t<div class=\"fl-col fl-node-600e6a82e9dc0\" data-node=\"600e6a82e9dc0\">\n\t<div class=\"fl-col-content fl-node-content\">\n\t<div class=\"fl-module fl-module-separator fl-node-600e6a82dc0d1\" data-node=\"600e6a82dc0d1\">\n\t<div class=\"fl-module-content fl-node-content\">\n\t\t<div class=\"fl-separator\"><\/div>\n\t<\/div>\n<\/div>\n\t<\/div>\n<\/div>\n\t<\/div>\n\t\t<\/div>\n\t<\/div>\n<\/div>\n<div class=\"fl-row fl-row-full-width fl-row-bg-photo fl-node-600e6b1429dfd fl-row-has-layers\" data-node=\"600e6b1429dfd\">\n\t<div class=\"fl-row-content-wrap\">\n\t\t\t\t<div class=\"fl-builder-layer fl-builder-shape-layer fl-builder-bottom-edge-layer fl-builder-shape-wavy\">\n\t<svg class=\"fl-builder-layer-align-bottom-center\" viewBox=\"0 0 800 102\" preserveAspectRatio=\"none\">\n\n\t\t<defs>\n\t\t\t\t<\/defs>\n\n\t\t<g class=\"fl-shape-content\">\n\t\t\t<path class=\"fl-shape\" d=\"M0,0 L800,0 C717.140625,0 726.058594,62.0585937 669.660156,62.0585937 C613.261719,62.0585937 604.234948,10.4922726 561.091797,10.4922726 C517.948646,10.4922726 522.667969,72.7050942 462.202976,54.171875 C401.737983,35.6386558 410.177721,100 372.386628,100 C334.595534,100 319.909894,54.171875 292.280298,54.171875 C264.650702,54.171875 259.270492,78.4116686 220.022711,72.7050942 C180.774931,66.9985197 179.391645,18.53125 120.752463,33.0078125 C62.1132812,47.484375 94.9472656,0 0,0 Z\"><\/path>\n\t\t<\/g>\n\t<\/svg>\n<\/div>\n\t\t<div class=\"fl-row-content fl-row-fixed-width fl-node-content\">\n\t\t\n<div class=\"fl-col-group fl-node-600e71f4deec4\" data-node=\"600e71f4deec4\">\n\t\t\t<div class=\"fl-col fl-node-600e71f4def84\" data-node=\"600e71f4def84\">\n\t<div class=\"fl-col-content fl-node-content\">\n\t<div class=\"fl-module fl-module-button fl-node-600e72f066cde\" data-node=\"600e72f066cde\">\n\t<div class=\"fl-module-content fl-node-content\">\n\t\t<div class=\"fl-button-wrap fl-button-width-auto fl-button-left\">\n\t\t\t<a href=\"\" target=\"_self\" class=\"fl-button\" role=\"button\">\n\t\t\t\t\t\t\t\t<\/a>\n<\/div>\n\t<\/div>\n<\/div>\n\t<\/div>\n<\/div>\n\t<\/div>\n\n<div class=\"fl-col-group fl-node-600e6b143812e\" data-node=\"600e6b143812e\">\n\t\t\t<div class=\"fl-col fl-node-600e6b14381ca fl-col-small\" data-node=\"600e6b14381ca\">\n\t<div class=\"fl-col-content fl-node-content\">\n\t<div class=\"fl-module fl-module-button fl-node-600e6b1eed681 fl-animation fl-slide-in-left\" data-node=\"600e6b1eed681\" data-animation-delay=\"0\" data-animation-duration=\"1\">\n\t<div class=\"fl-module-content fl-node-content\">\n\t\t<div class=\"fl-button-wrap fl-button-width-full fl-button-left\">\n\t\t\t<a href=\"https:\/\/odenwald-living-art.de\/?page_id=71\" target=\"_self\" class=\"fl-button\" role=\"button\">\n\t\t\t\t\t\t\t<span class=\"fl-button-text\">Saisonales<\/span>\n\t\t\t\t\t<\/a>\n<\/div>\n\t<\/div>\n<\/div>\n\t<\/div>\n<\/div>\n\t\t\t<div class=\"fl-col fl-node-600e6b14381cd fl-col-small\" data-node=\"600e6b14381cd\">\n\t<div class=\"fl-col-content fl-node-content\">\n\t<div class=\"fl-module fl-module-button fl-node-600e6b600adc8 fl-animation fl-slide-in-down\" data-node=\"600e6b600adc8\" data-animation-delay=\"0\" data-animation-duration=\"1\">\n\t<div class=\"fl-module-content fl-node-content\">\n\t\t<div class=\"fl-button-wrap fl-button-width-full fl-button-left\">\n\t\t\t<a href=\"https:\/\/odenwald-living-art.de\/?page_id=236\" target=\"_self\" class=\"fl-button\" role=\"button\">\n\t\t\t\t\t\t\t<span class=\"fl-button-text\">Neuheiten<\/span>\n\t\t\t\t\t<\/a>\n<\/div>\n\t<\/div>\n<\/div>\n\t<\/div>\n<\/div>\n\t\t\t<div class=\"fl-col fl-node-600e6b14381cf fl-col-small\" data-node=\"600e6b14381cf\">\n\t<div class=\"fl-col-content fl-node-content\">\n\t<div class=\"fl-module fl-module-button fl-node-600e6d454fcf1 fl-animation fl-slide-in-down\" data-node=\"600e6d454fcf1\" data-animation-delay=\"0\" data-animation-duration=\"1\">\n\t<div class=\"fl-module-content fl-node-content\">\n\t\t<div class=\"fl-button-wrap fl-button-width-full fl-button-left\">\n\t\t\t<a href=\"https:\/\/odenwald-living-art.de\/?page_id=130\" target=\"_self\" class=\"fl-button\" role=\"button\">\n\t\t\t\t\t\t\t<span class=\"fl-button-text\">Dauerrenner<\/span>\n\t\t\t\t\t<\/a>\n<\/div>\n\t<\/div>\n<\/div>\n\t<\/div>\n<\/div>\n\t\t\t<div class=\"fl-col fl-node-600e6b14381d1 fl-col-small\" data-node=\"600e6b14381d1\">\n\t<div class=\"fl-col-content fl-node-content\">\n\t<div class=\"fl-module fl-module-button fl-node-600e6da48f75a fl-animation fl-slide-in-right\" data-node=\"600e6da48f75a\" data-animation-delay=\"0\" data-animation-duration=\"1\">\n\t<div class=\"fl-module-content fl-node-content\">\n\t\t<div class=\"fl-button-wrap fl-button-width-full fl-button-left\">\n\t\t\t<a href=\"https:\/\/odenwald-living-art.de\/?page_id=244\" target=\"_self\" class=\"fl-button\" role=\"button\">\n\t\t\t\t\t\t\t<span class=\"fl-button-text\">Handmade<\/span>\n\t\t\t\t\t<\/a>\n<\/div>\n\t<\/div>\n<\/div>\n\t<\/div>\n<\/div>\n\t<\/div>\n\n<div class=\"fl-col-group fl-node-600e7003cebc1\" data-node=\"600e7003cebc1\">\n\t\t\t<div class=\"fl-col fl-node-600e7003cecd4 fl-col-small\" data-node=\"600e7003cecd4\">\n\t<div class=\"fl-col-content fl-node-content\">\n\t<div class=\"fl-module fl-module-button fl-node-600e703ea6b45 fl-animation fl-slide-in-left\" data-node=\"600e703ea6b45\" data-animation-delay=\"0\" data-animation-duration=\"1\">\n\t<div class=\"fl-module-content fl-node-content\">\n\t\t<div class=\"fl-button-wrap fl-button-width-full fl-button-left\">\n\t\t\t<a href=\"https:\/\/odenwald-living-art.de\/?page_id=236\" target=\"_self\" class=\"fl-button\" role=\"button\">\n\t\t\t\t\t\t\t<span class=\"fl-button-text\">Das Team<\/span>\n\t\t\t\t\t<\/a>\n<\/div>\n\t<\/div>\n<\/div>\n\t<\/div>\n<\/div>\n\t\t\t<div class=\"fl-col fl-node-600e7003cecda fl-col-small\" data-node=\"600e7003cecda\">\n\t<div class=\"fl-col-content fl-node-content\">\n\t<div class=\"fl-module fl-module-button fl-node-600e704da7f09 fl-animation fl-slide-in-up\" data-node=\"600e704da7f09\" data-animation-delay=\"0\" data-animation-duration=\"1\">\n\t<div class=\"fl-module-content fl-node-content\">\n\t\t<div class=\"fl-button-wrap fl-button-width-full fl-button-left\">\n\t\t\t<a href=\"https:\/\/odenwald-living-art.de\/?page_id=231\" target=\"_self\" class=\"fl-button\" role=\"button\">\n\t\t\t\t\t\t\t<span class=\"fl-button-text\">\u00d6ffnungszeiten<\/span>\n\t\t\t\t\t<\/a>\n<\/div>\n\t<\/div>\n<\/div>\n\t<\/div>\n<\/div>\n\t\t\t<div class=\"fl-col fl-node-600e7003cecde fl-col-small\" data-node=\"600e7003cecde\">\n\t<div class=\"fl-col-content fl-node-content\">\n\t<div class=\"fl-module fl-module-button fl-node-600e705f0963f fl-animation fl-slide-in-up\" data-node=\"600e705f0963f\" data-animation-delay=\"0\" data-animation-duration=\"1\">\n\t<div class=\"fl-module-content fl-node-content\">\n\t\t<div class=\"fl-button-wrap fl-button-width-full fl-button-left\">\n\t\t\t<a href=\"https:\/\/odenwald-living-art.de\/?page_id=239\" target=\"_self\" class=\"fl-button\" role=\"button\">\n\t\t\t\t\t\t\t<span class=\"fl-button-text\">Hier finden Sie uns<\/span>\n\t\t\t\t\t<\/a>\n<\/div>\n\t<\/div>\n<\/div>\n\t<\/div>\n<\/div>\n\t\t\t<div class=\"fl-col fl-node-600e7003cece1 fl-col-small\" data-node=\"600e7003cece1\">\n\t<div class=\"fl-col-content fl-node-content\">\n\t<div class=\"fl-module fl-module-button fl-node-600e706d2bd65 fl-animation fl-slide-in-right\" data-node=\"600e706d2bd65\" data-animation-delay=\"0\" data-animation-duration=\"1\">\n\t<div class=\"fl-module-content fl-node-content\">\n\t\t<div class=\"fl-button-wrap fl-button-width-full fl-button-left\">\n\t\t\t<a href=\"\" target=\"_self\" class=\"fl-button\" role=\"button\">\n\t\t\t\t\t\t\t<span class=\"fl-button-text\">Kontakt<\/span>\n\t\t\t\t\t<\/a>\n<\/div>\n\t<\/div>\n<\/div>\n\t<\/div>\n<\/div>\n\t<\/div>\n\n<div class=\"fl-col-group fl-node-600e71e7b3994\" data-node=\"600e71e7b3994\">\n\t\t\t<div class=\"fl-col fl-node-600e71e7b3ac3\" data-node=\"600e71e7b3ac3\">\n\t<div class=\"fl-col-content fl-node-content\">\n\t<div class=\"fl-module fl-module-button fl-node-600e732199279\" data-node=\"600e732199279\">\n\t<div class=\"fl-module-content fl-node-content\">\n\t\t<div class=\"fl-button-wrap fl-button-width-auto fl-button-left\">\n\t\t\t<a href=\"\" target=\"_self\" class=\"fl-button\" role=\"button\">\n\t\t\t\t\t\t\t\t<\/a>\n<\/div>\n\t<\/div>\n<\/div>\n\t<\/div>\n<\/div>\n\t<\/div>\n\t\t<\/div>\n\t<\/div>\n<\/div>\n<\/div>","protected":false},"excerpt":{"rendered":"<p>Odenwald Elektro Living Art f\u00fcr ein sch\u00f6neres Zuhause Wir freuen uns, dass Sie den Weg auf unsere Webseite gefunden haben! &nbsp; Schauen Sie sich in Ruhe um, einen Teil unseres Sortiments stellen wir Ihnen hier vor. &nbsp; Sie haben spezielle Fragen, suchen nach dem einem St\u00fcck, dass Ihren Wohntraum perfekt macht? Dann nutzen Sie unser&hellip;<\/p>\n","protected":false},"author":1,"featured_media":0,"parent":0,"menu_order":0,"comment_status":"closed","ping_status":"closed","template":"","meta":{"footnotes":""},"class_list":["post-25","page","type-page","status-publish","hentry"],"_links":{"self":[{"href":"https:\/\/odenwald-living-art.de\/index.php?rest_route=\/wp\/v2\/pages\/25","targetHints":{"allow":["GET"]}}],"collection":[{"href":"https:\/\/odenwald-living-art.de\/index.php?rest_route=\/wp\/v2\/pages"}],"about":[{"href":"https:\/\/odenwald-living-art.de\/index.php?rest_route=\/wp\/v2\/types\/page"}],"author":[{"embeddable":true,"href":"https:\/\/odenwald-living-art.de\/index.php?rest_route=\/wp\/v2\/users\/1"}],"replies":[{"embeddable":true,"href":"https:\/\/odenwald-living-art.de\/index.php?rest_route=%2Fwp%2Fv2%2Fcomments&post=25"}],"version-history":[{"count":24,"href":"https:\/\/odenwald-living-art.de\/index.php?rest_route=\/wp\/v2\/pages\/25\/revisions"}],"predecessor-version":[{"id":358,"href":"https:\/\/odenwald-living-art.de\/index.php?rest_route=\/wp\/v2\/pages\/25\/revisions\/358"}],"wp:attachment":[{"href":"https:\/\/odenwald-living-art.de\/index.php?rest_route=%2Fwp%2Fv2%2Fmedia&parent=25"}],"curies":[{"name":"wp","href":"https:\/\/api.w.org\/{rel}","templated":true}]}}