{"id":244,"date":"2021-06-20T12:02:32","date_gmt":"2021-06-20T10:02:32","guid":{"rendered":"https:\/\/odenwald-living-art.de\/?page_id=244"},"modified":"2021-06-20T12:02:32","modified_gmt":"2021-06-20T10:02:32","slug":"handmade","status":"publish","type":"page","link":"https:\/\/odenwald-living-art.de\/?page_id=244","title":{"rendered":"Handmade"},"content":{"rendered":"<div class=\"fl-builder-content fl-builder-content-244 fl-builder-global-templates-locked\" data-post-id=\"244\"><div class=\"fl-row fl-row-fixed-width fl-row-bg-none fl-node-60cf0a6a207e1\" data-node=\"60cf0a6a207e1\">\n\t<div class=\"fl-row-content-wrap\">\n\t\t\t\t\t\t<div class=\"fl-row-content fl-row-fixed-width fl-node-content\">\n\t\t\n<div class=\"fl-col-group fl-node-60cf0a6a21cc5\" data-node=\"60cf0a6a21cc5\">\n\t\t\t<div class=\"fl-col fl-node-60cf0a6a21d36 fl-col-has-cols\" data-node=\"60cf0a6a21d36\">\n\t<div class=\"fl-col-content fl-node-content\">\n\t<div class=\"fl-module fl-module-heading fl-node-60cf0a6a2070a\" data-node=\"60cf0a6a2070a\">\n\t<div class=\"fl-module-content fl-node-content\">\n\t\t<h1 class=\"fl-heading\">\n\t\t<span class=\"fl-heading-text\">Handmade<\/span>\n\t<\/h1>\n\t<\/div>\n<\/div>\n\n<div class=\"fl-col-group fl-node-60cf0a7c5da6a fl-col-group-nested\" data-node=\"60cf0a7c5da6a\">\n\t\t\t<div class=\"fl-col fl-node-60cf0a7c5dae9 fl-col-small\" data-node=\"60cf0a7c5dae9\">\n\t<div class=\"fl-col-content fl-node-content\">\n\t<div class=\"fl-module fl-module-rich-text fl-node-60cf0ace62dbc\" data-node=\"60cf0ace62dbc\">\n\t<div class=\"fl-module-content fl-node-content\">\n\t\t<div class=\"fl-rich-text\">\n\t<p>Lichtobjekte, die Sie bei uns finden sind von mir liebevoll handgefertigte gefertigte Einzelst\u00fccke.<\/p>\n<p>Die Idee zu diesen Figuren erwuchs aus meinem Wunsch eine beleuchtete Drahtkugel zu haben<\/p>\n<p>aber ohne sichtbare Lichterketten.<\/p>\n<p>&nbsp;<\/p>\n<p>Die Kombination aus Holz Metall und Licht er\u00f6ffnet unendlich viele M\u00f6glichkeiten der Gestaltung.<\/p>\n<p>&nbsp;<\/p>\n<p>Zahlreiche Tierfiguren habe ich schon gefertigt, schauen Sie sich die Bilder an leider sind die \u00e4lteren von nicht so guter Qualit\u00e4t aber die Figuren erkennbar.<\/p>\n<p>&nbsp;<\/p>\n<p>Viel Spa\u00df beim St\u00f6bern w\u00fcnscht Ihnen<\/p>\n<p>&nbsp;<\/p>\n<p>Thomas Kramer<\/p>\n<\/div>\n\t<\/div>\n<\/div>\n\t<\/div>\n<\/div>\n\t\t\t<div class=\"fl-col fl-node-60cf0a7c5daed fl-col-small\" data-node=\"60cf0a7c5daed\">\n\t<div class=\"fl-col-content fl-node-content\">\n\t<div class=\"fl-module fl-module-slideshow fl-node-60cf0adeae112\" data-node=\"60cf0adeae112\">\n\t<div class=\"fl-module-content fl-node-content\">\n\t\t<div class=\"fl-slideshow-container\"><\/div>\n\t<\/div>\n<\/div>\n\t<\/div>\n<\/div>\n\t<\/div>\n\t<\/div>\n<\/div>\n\t<\/div>\n\t\t<\/div>\n\t<\/div>\n<\/div>\n<\/div>","protected":false},"excerpt":{"rendered":"<p>Handmade Lichtobjekte, die Sie bei uns finden sind von mir liebevoll handgefertigte gefertigte Einzelst\u00fccke. Die Idee zu diesen Figuren erwuchs aus meinem Wunsch eine beleuchtete Drahtkugel zu haben aber ohne sichtbare Lichterketten. &nbsp; Die Kombination aus Holz Metall und Licht er\u00f6ffnet unendlich viele M\u00f6glichkeiten der Gestaltung. &nbsp; Zahlreiche Tierfiguren habe ich schon gefertigt, schauen Sie&hellip;<\/p>\n","protected":false},"author":1,"featured_media":0,"parent":0,"menu_order":0,"comment_status":"closed","ping_status":"closed","template":"","meta":{"footnotes":""},"class_list":["post-244","page","type-page","status-publish","hentry"],"_links":{"self":[{"href":"https:\/\/odenwald-living-art.de\/index.php?rest_route=\/wp\/v2\/pages\/244","targetHints":{"allow":["GET"]}}],"collection":[{"href":"https:\/\/odenwald-living-art.de\/index.php?rest_route=\/wp\/v2\/pages"}],"about":[{"href":"https:\/\/odenwald-living-art.de\/index.php?rest_route=\/wp\/v2\/types\/page"}],"author":[{"embeddable":true,"href":"https:\/\/odenwald-living-art.de\/index.php?rest_route=\/wp\/v2\/users\/1"}],"replies":[{"embeddable":true,"href":"https:\/\/odenwald-living-art.de\/index.php?rest_route=%2Fwp%2Fv2%2Fcomments&post=244"}],"version-history":[{"count":2,"href":"https:\/\/odenwald-living-art.de\/index.php?rest_route=\/wp\/v2\/pages\/244\/revisions"}],"predecessor-version":[{"id":273,"href":"https:\/\/odenwald-living-art.de\/index.php?rest_route=\/wp\/v2\/pages\/244\/revisions\/273"}],"wp:attachment":[{"href":"https:\/\/odenwald-living-art.de\/index.php?rest_route=%2Fwp%2Fv2%2Fmedia&parent=244"}],"curies":[{"name":"wp","href":"https:\/\/api.w.org\/{rel}","templated":true}]}}